{"id":3709,"date":"2021-11-14T14:46:38","date_gmt":"2021-11-14T11:46:38","guid":{"rendered":"http:\/\/yedisuhealth.com\/?page_id=3709"},"modified":"2021-12-14T10:39:32","modified_gmt":"2021-12-14T07:39:32","slug":"hizmetlerimiz","status":"publish","type":"page","link":"https:\/\/yedisuhealth.com\/?page_id=3709","title":{"rendered":"Hizmetlerimiz"},"content":{"rendered":"<p>[vc_row][vc_column width=&#8221;1\/2&#8243;][vc_single_image image=&#8221;3724&#8243; img_size=&#8221;full&#8221; alignment=&#8221;center&#8221; style=&#8221;vc_box_shadow&#8221;]<div class=\"porto-u-heading  wpb_custom_95aa9a11c17ad45cfabaf210d84ee7cc\" data-hspacer=\"line_only\" data-halign=\"center\" style=\"text-align:center\"><div class=\"porto-u-main-heading\"><h2 data-plugin-animated-letters data-plugin-options=\"{&quot;startDelay&quot;:0,&quot;minWindowWidth&quot;:0,&quot;animationName&quot;:&quot;fadeIn&quot;}\" >ESTET\u0130K UYGULAMALAR<\/h2><\/div><div class=\"porto-u-heading-spacer line_only\" style=\"height:1px;\"><span class=\"porto-u-headings-line\" style=\"border-style:solid;border-bottom-width:1px;border-color:#ccc;width:auto;\"><\/span><\/div><\/div>[vc_column_text]<\/p>\n<ul>\n<li>Sa\u00e7 Ekimi<\/li>\n<li>V\u00fccut Esteti\u011fi<\/li>\n<li>Liposuction<\/li>\n<li>Botox Uygulamalar\u0131<\/li>\n<li>Burun Esteti\u011fi<\/li>\n<li>Y\u00fcz Esteti\u011fi<\/li>\n<li>Kulak Esteti\u011fi<\/li>\n<li>G\u00f6\u011f\u00fcs Esteti\u011fi<\/li>\n<li>Prp Uygulamalar\u0131<\/li>\n<li>Gelital Estetik Uygulamalar\u0131<\/li>\n<\/ul>\n<p>[\/vc_column_text][\/vc_column][vc_column width=&#8221;1\/2&#8243;][vc_single_image image=&#8221;3729&#8243; img_size=&#8221;full&#8221; alignment=&#8221;center&#8221; style=&#8221;vc_box_shadow&#8221;]<div class=\"porto-u-heading  wpb_custom_95aa9a11c17ad45cfabaf210d84ee7cc\" data-hspacer=\"line_only\" data-halign=\"center\" style=\"text-align:center\"><div class=\"porto-u-main-heading\"><h2 data-plugin-animated-letters data-plugin-options=\"{&quot;startDelay&quot;:0,&quot;minWindowWidth&quot;:0,&quot;animationName&quot;:&quot;fadeIn&quot;}\" >Klinik Hizmetler<\/h2><\/div><div class=\"porto-u-heading-spacer line_only\" style=\"height:1px;\"><span class=\"porto-u-headings-line\" style=\"border-style:solid;border-bottom-width:1px;border-color:#ccc;width:auto;\"><\/span><\/div><\/div>[vc_column_text]<\/p>\n<ul>\n<li>Ortopedi<\/li>\n<li>Genel cerrahi<\/li>\n<li>\u00dcroloji<\/li>\n<li>Dahiliye<\/li>\n<li>Beyin Cerrahisi<\/li>\n<li>T\u00fcp Bebek Tedavisi<\/li>\n<li>Kardiyoloji<\/li>\n<li>G\u00f6\u011f\u00fcs Hastal\u0131klar\u0131<\/li>\n<li>Obezite Cerrahisi<\/li>\n<li>G\u00f6z Hastal\u0131klar\u0131<\/li>\n<li>Kemik \u0130li\u011fi Nakli<\/li>\n<li>\u00c7a\u00e7uk Hastal\u0131klar\u0131<\/li>\n<li>Onkoloji<\/li>\n<\/ul>\n<p>[\/vc_column_text][\/vc_column][\/vc_row][vc_row][vc_column width=&#8221;1\/4&#8243;][\/vc_column][vc_column width=&#8221;1\/2&#8243;][vc_single_image image=&#8221;3731&#8243; img_size=&#8221;full&#8221; alignment=&#8221;center&#8221; style=&#8221;vc_box_shadow&#8221; label=&#8221;&#8221;]<div class=\"porto-u-heading  wpb_custom_95aa9a11c17ad45cfabaf210d84ee7cc\" data-hspacer=\"line_only\" data-halign=\"center\" style=\"text-align:center\"><div class=\"porto-u-main-heading\"><h2 data-plugin-animated-letters data-plugin-options=\"{&quot;startDelay&quot;:0,&quot;minWindowWidth&quot;:0,&quot;animationName&quot;:&quot;fadeIn&quot;}\" >Di\u015f Tedavileri<\/h2><\/div><div class=\"porto-u-heading-spacer line_only\" style=\"height:1px;\"><span class=\"porto-u-headings-line\" style=\"border-style:solid;border-bottom-width:1px;border-color:#ccc;width:auto;\"><\/span><\/div><\/div>[vc_column_text]<\/p>\n<ul>\n<li>\u0130mplant Uygulamalar\u0131<\/li>\n<li>Genel Di\u015f Tedavileri<\/li>\n<\/ul>\n<p>[\/vc_column_text][\/vc_column][vc_column width=&#8221;1\/4&#8243;][\/vc_column][\/vc_row]<\/p>\n","protected":false},"excerpt":{"rendered":"<p>[vc_row][vc_column width=&#8221;1\/2&#8243;][vc_single_image image=&#8221;3724&#8243; img_size=&#8221;full&#8221; alignment=&#8221;center&#8221; style=&#8221;vc_box_shadow&#8221;][vc_column_text] Sa\u00e7 Ekimi V\u00fccut Esteti\u011fi Liposuction Botox Uygulamalar\u0131 Burun Esteti\u011fi Y\u00fcz Esteti\u011fi Kulak Esteti\u011fi G\u00f6\u011f\u00fcs Esteti\u011fi Prp Uygulamalar\u0131 Gelital Estetik Uygulamalar\u0131 [\/vc_column_text][\/vc_column][vc_column width=&#8221;1\/2&#8243;][vc_single_image image=&#8221;3729&#8243; img_size=&#8221;full&#8221; alignment=&#8221;center&#8221; style=&#8221;vc_box_shadow&#8221;][vc_column_text] Ortopedi Genel cerrahi \u00dcroloji Dahiliye Beyin Cerrahisi T\u00fcp Bebek Tedavisi Kardiyoloji G\u00f6\u011f\u00fcs Hastal\u0131klar\u0131 Obezite Cerrahisi G\u00f6z Hastal\u0131klar\u0131 Kemik \u0130li\u011fi Nakli \u00c7a\u00e7uk Hastal\u0131klar\u0131 Onkoloji [&hellip;]<\/p>\n","protected":false},"author":1,"featured_media":0,"parent":0,"menu_order":0,"comment_status":"closed","ping_status":"closed","template":"","meta":{"footnotes":""},"class_list":["post-3709","page","type-page","status-publish","hentry"],"_links":{"self":[{"href":"https:\/\/yedisuhealth.com\/index.php?rest_route=\/wp\/v2\/pages\/3709","targetHints":{"allow":["GET"]}}],"collection":[{"href":"https:\/\/yedisuhealth.com\/index.php?rest_route=\/wp\/v2\/pages"}],"about":[{"href":"https:\/\/yedisuhealth.com\/index.php?rest_route=\/wp\/v2\/types\/page"}],"author":[{"embeddable":true,"href":"https:\/\/yedisuhealth.com\/index.php?rest_route=\/wp\/v2\/users\/1"}],"replies":[{"embeddable":true,"href":"https:\/\/yedisuhealth.com\/index.php?rest_route=%2Fwp%2Fv2%2Fcomments&post=3709"}],"version-history":[{"count":10,"href":"https:\/\/yedisuhealth.com\/index.php?rest_route=\/wp\/v2\/pages\/3709\/revisions"}],"predecessor-version":[{"id":3732,"href":"https:\/\/yedisuhealth.com\/index.php?rest_route=\/wp\/v2\/pages\/3709\/revisions\/3732"}],"wp:attachment":[{"href":"https:\/\/yedisuhealth.com\/index.php?rest_route=%2Fwp%2Fv2%2Fmedia&parent=3709"}],"curies":[{"name":"wp","href":"https:\/\/api.w.org\/{rel}","templated":true}]}}