{"id":3742,"date":"2021-11-14T17:18:59","date_gmt":"2021-11-14T14:18:59","guid":{"rendered":"https:\/\/yedisuhealth.com\/?page_id=3742"},"modified":"2021-11-14T17:21:34","modified_gmt":"2021-11-14T14:21:34","slug":"kurucularimiz","status":"publish","type":"page","link":"https:\/\/yedisuhealth.com\/?page_id=3742","title":{"rendered":"Kurucular\u0131m\u0131z"},"content":{"rendered":"<p>[vc_row][vc_column width=&#8221;1\/2&#8243;][vc_single_image image=&#8221;3743&#8243; img_size=&#8221;full&#8221;][\/vc_column][vc_column width=&#8221;1\/2&#8243;][vc_custom_heading text=&#8221;Mehmet CAN&#8221;][vc_column_text]1974 y\u0131l\u0131nda Isparta\u2019da do\u011fmu\u015ftur. Serik\u2019te i\u015f\u00e7i olarak \u00e7al\u0131\u015fan 2 \u00e7ocuklu bir ailenin en b\u00fcy\u00fck \u00e7ocu\u011fudur. \u00d6\u011frenim hayat\u0131na Serik Tekeli \u0130lk\u00f6\u011fretim okulunda ba\u015flad\u0131ktan sonra orta ve lise \u00f6\u011frenimini Serik \u0130mam Hatip Lisesinde 1994\u2019te tamamlad\u0131. Daha sonra Ankara \u00dcniversitesi Dil Tarih Co\u011frafya Fak\u00fcltesi Edebiyat b\u00f6l\u00fcm\u00fcn\u00fc kazanarak 1999 y\u0131l\u0131nda \u00fcniversite e\u011fitimini bitirdi. Ayn\u0131 y\u0131l Ankara T\u00fcmay Dershanelerinde 1 y\u0131l \u00f6\u011fretmenlik yapt\u0131. 2000 y\u0131l\u0131ndan itibaren Antalya\u2019n\u0131n Serik il\u00e7esi ba\u015fta olmak \u00fczere kendi kurmu\u015f oldu\u011fu dershanelerde hem \u00f6\u011fretmenlik hem de y\u00f6neticilik g\u00f6revlerinde yer ald\u0131.2012 y\u0131l\u0131nda \u00d6zel Anadolu Hastanesi MTAL\u2019in kurucular\u0131 aras\u0131nda yer alarak e\u011fitimcilik hayat\u0131n\u0131 \u00f6zel okul alan\u0131nda da devam ettirdi. 2010 \u2013 2013 y\u0131llar\u0131 aras\u0131nda S\u00fcleyman Demirel \u00dcniversitesi\u2019nde T\u00fcrk\u00e7e okutman\u0131 olarak g\u00f6rev yapm\u0131\u015ft\u0131r.2013 y\u0131l\u0131nda ise \u00d6zel Yedisu E\u011fitim Kurumlar\u0131n\u0131 e\u011fitim hayat\u0131na kazand\u0131rm\u0131\u015f ve halen \u00d6zel Yedisu E\u011fitim Kurumlar\u0131n\u0131n kurucular\u0131 aras\u0131nda g\u00f6revine devam etmektedir. Kendisi Aksu Gen\u00e7 \u0130\u015fadamlar\u0131 Derne\u011fi \u00fcyesi, Serik Spor Denetim Kurulu Ba\u015fkan\u0131, Akba\u015fl\u0131lar Derne\u011fi Kurucu \u00dcyesi, Aksu Kent Konseyi \u00fcyeliklerini de \u00fcstlenmi\u015ftir. Evli ve 2 \u00e7ocuk babas\u0131d\u0131r.[\/vc_column_text][\/vc_column][\/vc_row][vc_row][vc_column width=&#8221;1\/2&#8243;][vc_custom_heading text=&#8221;Suat K\u00d6KSAL&#8221;][vc_column_text]1965 y\u0131l\u0131nda Ankara\u2019da do\u011fmu\u015ftur. Annesi ev han\u0131m\u0131 babas\u0131 Makine Kimya End\u00fcstrisinde \u00e7al\u0131\u015fm\u0131\u015f bir baban\u0131n 9 \u00e7ocu\u011fundan 8. Karde\u015f olarak d\u00fcnyaya gelmi\u015ftir. \u0130lkokul \u00f6\u011frenimini Mamak \u0130lkokulunda, Ortaokulu G\u00fclveren Ortaokulunda, liseyi ise Ankara \u0130n\u015faat Teknik Lisesinde tamamlam\u0131\u015ft\u0131r.1989 y\u0131l\u0131nda Ankara \u00dcniversitesi E\u011fitim Bilimleri Fak\u00fcltesi E\u011fitimde Psikolojik Hizmetler b\u00f6l\u00fcm\u00fcn\u00fc bitirdi. 1990 y\u0131l\u0131ndan itibaren ba\u015flayan dershane \u00f6\u011fretmenli\u011fi ve y\u00f6neticili\u011fine 2010 y\u0131l\u0131na kadar devam etti. 2012 y\u0131l\u0131nda \u00d6zel Anadolu Hastanesi MTAL\u2019in kurucular\u0131 aras\u0131nda yer alarak e\u011fitimcilik hayat\u0131n\u0131 \u00f6zel okul alan\u0131nda da devam ettirdi. 2013 y\u0131l\u0131nda ise \u00d6zel Yedisu E\u011fitim Kurumlar\u0131n\u0131 e\u011fitim hayat\u0131na kazand\u0131rm\u0131\u015f ve halen \u00d6zel Yedisu E\u011fitim Kurumlar\u0131n\u0131n kurucu temsilcisi olarak g\u00f6revine devam etmektedir. Kendisi Aksu Gen\u00e7 \u0130\u015fadamlar\u0131 Derne\u011fi \u00fcyesi, Hasta engelli Ya\u015fl\u0131 Yard\u0131m Derne\u011fi (HeyDer) Ba\u015fkanl\u0131\u011f\u0131 yapmaktad\u0131r.[\/vc_column_text][\/vc_column][vc_column width=&#8221;1\/2&#8243;][vc_single_image image=&#8221;3748&#8243; img_size=&#8221;full&#8221; label=&#8221;&#8221;][\/vc_column][\/vc_row]<\/p>\n","protected":false},"excerpt":{"rendered":"<p>[vc_row][vc_column width=&#8221;1\/2&#8243;][vc_single_image image=&#8221;3743&#8243; img_size=&#8221;full&#8221;][\/vc_column][vc_column width=&#8221;1\/2&#8243;][vc_custom_heading text=&#8221;Mehmet CAN&#8221;][vc_column_text]1974 y\u0131l\u0131nda Isparta\u2019da do\u011fmu\u015ftur. Serik\u2019te i\u015f\u00e7i olarak \u00e7al\u0131\u015fan 2 \u00e7ocuklu bir ailenin en b\u00fcy\u00fck \u00e7ocu\u011fudur. \u00d6\u011frenim hayat\u0131na Serik Tekeli \u0130lk\u00f6\u011fretim okulunda ba\u015flad\u0131ktan sonra orta ve lise \u00f6\u011frenimini Serik \u0130mam Hatip Lisesinde 1994\u2019te tamamlad\u0131. Daha sonra Ankara \u00dcniversitesi Dil Tarih Co\u011frafya Fak\u00fcltesi Edebiyat b\u00f6l\u00fcm\u00fcn\u00fc kazanarak 1999 y\u0131l\u0131nda \u00fcniversite e\u011fitimini bitirdi. [&hellip;]<\/p>\n","protected":false},"author":1,"featured_media":0,"parent":0,"menu_order":0,"comment_status":"closed","ping_status":"closed","template":"","meta":{"footnotes":""},"class_list":["post-3742","page","type-page","status-publish","hentry"],"_links":{"self":[{"href":"https:\/\/yedisuhealth.com\/index.php?rest_route=\/wp\/v2\/pages\/3742","targetHints":{"allow":["GET"]}}],"collection":[{"href":"https:\/\/yedisuhealth.com\/index.php?rest_route=\/wp\/v2\/pages"}],"about":[{"href":"https:\/\/yedisuhealth.com\/index.php?rest_route=\/wp\/v2\/types\/page"}],"author":[{"embeddable":true,"href":"https:\/\/yedisuhealth.com\/index.php?rest_route=\/wp\/v2\/users\/1"}],"replies":[{"embeddable":true,"href":"https:\/\/yedisuhealth.com\/index.php?rest_route=%2Fwp%2Fv2%2Fcomments&post=3742"}],"version-history":[{"count":4,"href":"https:\/\/yedisuhealth.com\/index.php?rest_route=\/wp\/v2\/pages\/3742\/revisions"}],"predecessor-version":[{"id":3749,"href":"https:\/\/yedisuhealth.com\/index.php?rest_route=\/wp\/v2\/pages\/3742\/revisions\/3749"}],"wp:attachment":[{"href":"https:\/\/yedisuhealth.com\/index.php?rest_route=%2Fwp%2Fv2%2Fmedia&parent=3742"}],"curies":[{"name":"wp","href":"https:\/\/api.w.org\/{rel}","templated":true}]}}