{"id":3792,"date":"2021-12-14T10:36:59","date_gmt":"2021-12-14T07:36:59","guid":{"rendered":"https:\/\/yedisuhealth.com\/?page_id=3792"},"modified":"2021-12-14T15:24:28","modified_gmt":"2021-12-14T12:24:28","slug":"uber-uns","status":"publish","type":"page","link":"https:\/\/yedisuhealth.com\/?page_id=3792&lang=de","title":{"rendered":"Uber Uns"},"content":{"rendered":"<p>[vc_row wrap_container=&#8221;yes&#8221; el_class=&#8221;pt-5 pb-4&#8243;][vc_column][vc_custom_heading text=&#8221;Die T\u00fcrkei ist das Land mit der h\u00f6chsten Anzahl von Krankenh\u00e4usern weltweit. Aufgrund der geringen Anzahl von Patienten pro Arzt in der T\u00fcrkei geh\u00f6rt sie zu den am meisten bevorzugten Behandlungsl\u00e4ndern. Dar\u00fcber hinaus wird dieser Satz jedes Jahr f\u00fcr die Entwicklung neuer Behandlungsmethoden im Bereich der Medizin und der hochwertigen Gesundheitsversorgung verwendet.<br \/>\nspielt eine wichtige Rolle bei der Bereitstellung seiner Dienstleistungen f\u00fcr Sie.<\/p>\n<p>Menschen, die in der T\u00fcrkei behandelt werden m\u00f6chten, bevorzugen Gesundheitstourismusagenturen, um zuverl\u00e4ssige und qualitativ hochwertige Gesundheitsdienste zu erhalten.<\/p>\n<p>Yedisu-Gesundheit; Es ist eine Agentur f\u00fcr Gesundheitstourismus, die auf organisierte Weise mit dem besten, professionellsten und erfahrensten \u00c4rzteteam des Landes zusammenarbeitet, um sicherzustellen, dass die Patienten, die die T\u00fcrkei f\u00fcr den Medizintourismus aus dem Ausland w\u00e4hlen, in den besten und fortschrittlichsten Gesundheitszentren behandelt werden.<\/p>\n<p>Unser Unternehmen, das jedes Jahr die Behandlung von Hunderten von Menschen im Bereich des Gesundheitstourismus \u00fcbernimmt, ist Partner im Behandlungsprozess der Patienten und verbessert seine Dienstleistungen Tag f\u00fcr Tag mit der Unterst\u00fctzung und den Anweisungen des Ministeriums f\u00fcr Gesundheit und Tourismus. &#8221; font_container=&#8221;tag:p|text_align:left&#8221; use_theme_fonts=&#8221;yes&#8221;][\/vc_column][\/vc_row][vc_row wrap_container=&#8221;yes&#8221; el_class=&#8221;custom-info-boxes mb-5 pb-4 pb-xl-5&#8243;][vc_column animation_delay=&#8221;500&#8243; offset=&#8221;vc_col-lg-4 vc_col-md-6&#8243; el_class=&#8221;mb-4 mb-xl-0 pb-2 pb-xl-0&#8243; animation_type=&#8221;fadeInRight&#8221;]<div class=\"porto-sicon-box p-5 mb-0 background-color-light box-shadow-1 h-100  wpb_custom_1efe903570d178ff0a9b7bfa5febd3a4 style_1 top-icon\"><div class=\"porto-sicon-top\"><div id=\"porto-icon-213555909369e02d6f0af9d\" class=\"porto-just-icon-wrapper porto-sicon-img\" style=\"font-size: 91px;\"><img loading=\"lazy\" decoding=\"async\" class=\"img-icon\" alt=\"\" src=\"https:\/\/yedisuhealth.com\/wp-content\/uploads\/2021\/11\/ulasimicon.png\" width=\"91\" height=\"98\" \/><\/div><\/div><div class=\"porto-sicon-header\"><h3 class=\"porto-sicon-title\" style=\"font-weight:700;font-size:1.5rem;line-height:1.5;\">Transport<\/h3><\/div> <!-- header --><div class=\"porto-sicon-description\" style=\"\">Wir f\u00fchren Ihren Transport in die T\u00fcrkei durch<\/div> <!-- description --><\/div><!-- porto-sicon-box -->[\/vc_column][vc_column animation_delay=&#8221;200&#8243; offset=&#8221;vc_col-lg-4 vc_col-md-6&#8243; el_class=&#8221;mb-4 mb-xl-0 pb-2 pb-xl-0&#8243; animation_type=&#8221;zoomIn&#8221;]<div class=\"porto-sicon-box p-5 mb-0 background-color-light box-shadow-1 h-100  wpb_custom_1efe903570d178ff0a9b7bfa5febd3a4 style_1 top-icon\"><div class=\"porto-sicon-top\"><div id=\"porto-icon-195012608469e02d6f0b827\" class=\"porto-just-icon-wrapper porto-sicon-img\" style=\"font-size: 106px;\"><img loading=\"lazy\" decoding=\"async\" class=\"img-icon\" alt=\"\" src=\"https:\/\/yedisuhealth.com\/wp-content\/uploads\/2021\/11\/hotelicon.png\" width=\"91\" height=\"98\" \/><\/div><\/div><div class=\"porto-sicon-header\"><h3 class=\"porto-sicon-title\" style=\"font-weight:700;font-size:1.5rem;line-height:1.5;\">Unterkunft<\/h3><\/div> <!-- header --><div class=\"porto-sicon-description\" style=\"\">Wir bieten Ihre Unterkunft in den einzigartigen Hotels der T\u00fcrkei<\/div> <!-- description --><\/div><!-- porto-sicon-box -->[\/vc_column][vc_column animation_delay=&#8221;500&#8243; offset=&#8221;vc_col-lg-4 vc_col-md-6&#8243; el_class=&#8221;mb-4 mb-xl-0 pb-2 pb-xl-0&#8243; animation_type=&#8221;fadeInLeft&#8221;]<div class=\"porto-sicon-box p-5 mb-0 background-color-light box-shadow-1 h-100  wpb_custom_1efe903570d178ff0a9b7bfa5febd3a4 style_1 top-icon\"><div class=\"porto-sicon-top\"><div id=\"porto-icon-66833846569e02d6f0bf89\" class=\"porto-just-icon-wrapper porto-sicon-img\" style=\"font-size: 104px;\"><img loading=\"lazy\" decoding=\"async\" class=\"img-icon\" alt=\"\" src=\"https:\/\/yedisuhealth.com\/wp-content\/uploads\/2021\/11\/tedaviicon.png\" width=\"91\" height=\"98\" \/><\/div><\/div><div class=\"porto-sicon-header\"><h3 class=\"porto-sicon-title\" style=\"font-weight:700;font-size:1.5rem;line-height:1.5;\">Behandlung<\/h3><\/div> <!-- header --><div class=\"porto-sicon-description\" style=\"\">Wir bieten Ihnen die Behandlung, die Sie brauchen, in hochwertigen Gesundheitseinrichtungen, die von unseren Fach\u00e4rzten begleitet werden.<\/div> <!-- description --><\/div><!-- porto-sicon-box -->[\/vc_column][\/vc_row][vc_row content_placement=&#8221;middle&#8221; no_padding=&#8221;yes&#8221; el_class=&#8221;mb-lg-5 pb-md-4&#8243; css=&#8221;.vc_custom_1636882180660{margin-bottom: 0px !important;padding-bottom: 0px !important;}&#8221;][vc_column animation_delay=&#8221;100&#8243; offset=&#8221;vc_col-md-6&#8243; css=&#8221;.vc_custom_1636889734274{padding-top: 33vh !important;padding-bottom: 33vh !important;background-image: url(http:\/\/yedisuhealth.com\/wp-content\/uploads\/2021\/11\/ana-sayfa-gorsel.jpg?id=3703) !important;background-position: center !important;background-repeat: no-repeat !important;background-size: cover !important;}&#8221; el_class=&#8221;section-right-triangle&#8221; animation_type=&#8221;fadeIn&#8221;][\/vc_column][vc_column is_half=&#8221;yes&#8221; offset=&#8221;vc_col-md-6&#8243; half_css=&#8221;py-5&#8243;][vc_custom_heading text=&#8221;Yedisu Health&#8221; font_container=&#8221;tag:p|text_align:left&#8221; use_theme_fonts=&#8221;yes&#8221; animation_delay=&#8221;100&#8243; el_class=&#8221;mb-0&#8243; animation_type=&#8221;fadeInUp&#8221;][vc_custom_heading text=&#8221;\u00dcber den Dienst&#8221; font_container=&#8221;tag:h3|font_size:1.8em|text_align:left|line_height:1&#8243; use_theme_fonts=&#8221;yes&#8221; text_transform=&#8221;text-capitalize&#8221; animation_delay=&#8221;200&#8243; el_class=&#8221;mb-2&#8243; animation_type=&#8221;fadeInUp&#8221;][vc_custom_heading text=&#8221;Unser Team f\u00fcr Gesundheitsdienste; Es ist eine Agentur f\u00fcr Gesundheitstourismus, die mit dem professionellsten und erfahrensten \u00c4rzteteam in der T\u00fcrkei zusammenarbeitet, um sicherzustellen, dass Patienten, die die T\u00fcrkei f\u00fcr den Medizintourismus aus dem Ausland bevorzugen, ihre Behandlung in den besten und fortschrittlichsten Gesundheitszentren erhalten.<br \/>\nUnser Team f\u00fcr Gesundheitsdienste w\u00e4hlt spezialisierte und erfahrene \u00c4rzte aus, die den genauesten und besten Service zu den g\u00fcnstigsten Kosten in Bezug auf die Beschwerden und Erwartungen des Patienten erhalten. Es erstellt den Behandlungsplan, indem es im Namen des Patienten das notwendige Vorgespr\u00e4ch mit dem vom Patienten bevorzugten Arzt f\u00fchrt.<br \/>\nUnser Health Services Team erstellt f\u00fcr den Patienten einen Behandlungsplan zu einem Sonderpreis und schickt ihn ihm zu. Indem er ihn w\u00e4hrend seiner gesamten Behandlung bei allen Prozessen begleitet, bietet er ihm den n\u00f6tigen Komfort, damit er sich wie bei ihm f\u00fchlt eigenes Land in der T\u00fcrkei.<br \/>\nAb dem Moment, in dem Sie uns erreichen, werden Ihre aktuellen Befunde und Ihr Zustand an unsere erfahrensten niedergelassenen \u00c4rzte weitergeleitet und Ihre Behandlung nach den Anweisungen Ihres Arztes gestaltet.&#8221; font_container=&#8221;tag:p|text_align:left&#8221; use_theme_fonts=&#8221;yes&#8221; animation_delay=&#8221;400&#8243; el_class=&#8221;mb-4&#8243; animation_type=&#8221;fadeInUp&#8221;][vc_custom_heading text=&#8221;Der Prozess funktioniert wie folgt;&#8221; font_container=&#8221;tag:p|text_align:left&#8221; use_theme_fonts=&#8221;yes&#8221; animation_delay=&#8221;100&#8243; el_class=&#8221;mb-4&#8243; animation_type=&#8221;fadeInUp&#8221;][vc_row_inner][vc_column_inner width=&#8221;1\/2&#8243; offset=&#8221;vc_col-lg-6 vc_col-md-12&#8243;]<div class=\"porto-animation\"  data-appear-animation=\"fadeInUp\" data-appear-animation-delay=\"200\"><div class=\"porto-sicon-box mb-2  wpb_custom_1efe903570d178ff0a9b7bfa5febd3a4 style_1 default-icon\"><div class=\"porto-sicon-default\"><div class=\"porto-just-icon-wrapper porto-icon advanced\" style=\"color:#222529;background:transparent;border-style:solid;border-color:#e7e7e7;border-width:1px;width:38px;height:38px;line-height:38px;border-radius:20px;font-size:11.2px;\"><i class=\"fas fa-check\"><\/i><\/div><\/div><div class=\"porto-sicon-header\"><h5 class=\"porto-sicon-title\" style=\"letter-spacing:0;\">Medizinische Berichte werden \u00fcberpr\u00fcft<\/h5><\/div> <!-- header --><\/div><!-- porto-sicon-box --><\/div><div class=\"porto-animation\"  data-appear-animation=\"fadeInUp\" data-appear-animation-delay=\"300\"><div class=\"porto-sicon-box mb-2  wpb_custom_1efe903570d178ff0a9b7bfa5febd3a4 style_1 default-icon\"><div class=\"porto-sicon-default\"><div class=\"porto-just-icon-wrapper porto-icon advanced\" style=\"color:#222529;background:transparent;border-style:solid;border-color:#e7e7e7;border-width:1px;width:38px;height:38px;line-height:38px;border-radius:20px;font-size:11.2px;\"><i class=\"fas fa-check\"><\/i><\/div><\/div><div class=\"porto-sicon-header\"><h5 class=\"porto-sicon-title\" style=\"letter-spacing:0;\">Mit relevanten \u00c4rzten geteilt<\/h5><\/div> <!-- header --><\/div><!-- porto-sicon-box --><\/div><div class=\"porto-animation\"  data-appear-animation=\"fadeInUp\" data-appear-animation-delay=\"400\"><div class=\"porto-sicon-box mb-2  wpb_custom_1efe903570d178ff0a9b7bfa5febd3a4 style_1 default-icon\"><div class=\"porto-sicon-default\"><div class=\"porto-just-icon-wrapper porto-icon advanced\" style=\"color:#222529;background:transparent;border-style:solid;border-color:#e7e7e7;border-width:1px;width:38px;height:38px;line-height:38px;border-radius:20px;font-size:11.2px;\"><i class=\"fas fa-check\"><\/i><\/div><\/div><div class=\"porto-sicon-header\"><h5 class=\"porto-sicon-title\" style=\"letter-spacing:0;\">Preis ist fertig<\/h5><\/div> <!-- header --><\/div><!-- porto-sicon-box --><\/div>[\/vc_column_inner][vc_column_inner width=&#8221;1\/2&#8243; offset=&#8221;vc_col-lg-6 vc_col-md-12&#8243;]<div class=\"porto-animation\"  data-appear-animation=\"fadeInUp\" data-appear-animation-delay=\"500\"><div class=\"porto-sicon-box mb-2  wpb_custom_1efe903570d178ff0a9b7bfa5febd3a4 style_1 default-icon\"><div class=\"porto-sicon-default\"><div class=\"porto-just-icon-wrapper porto-icon advanced\" style=\"color:#222529;background:transparent;border-style:solid;border-color:#e7e7e7;border-width:1px;width:38px;height:38px;line-height:38px;border-radius:20px;font-size:11.2px;\"><i class=\"fas fa-check\"><\/i><\/div><\/div><div class=\"porto-sicon-header\"><h5 class=\"porto-sicon-title\" style=\"letter-spacing:0;\">Die Reiseverfahren werden entsprechend Ihrer Entscheidung eingeleitet.<\/h5><\/div> <!-- header --><\/div><!-- porto-sicon-box --><\/div><div class=\"porto-animation\"  data-appear-animation=\"fadeInUp\" data-appear-animation-delay=\"600\"><div class=\"porto-sicon-box mb-2  wpb_custom_1efe903570d178ff0a9b7bfa5febd3a4 style_1 default-icon\"><div class=\"porto-sicon-default\"><div class=\"porto-just-icon-wrapper porto-icon advanced\" style=\"color:#222529;background:transparent;border-style:solid;border-color:#e7e7e7;border-width:1px;width:38px;height:38px;line-height:38px;border-radius:20px;font-size:11.2px;\"><i class=\"fas fa-check\"><\/i><\/div><\/div><div class=\"porto-sicon-header\"><h5 class=\"porto-sicon-title\" style=\"letter-spacing:0;\">Krankenhaus, Arzt und Unterkunft sind organisiert<\/h5><\/div> <!-- header --><\/div><!-- porto-sicon-box --><\/div><div class=\"porto-animation\"  data-appear-animation=\"fadeInUp\" data-appear-animation-delay=\"700\"><div class=\"porto-sicon-box mb-2  wpb_custom_1efe903570d178ff0a9b7bfa5febd3a4 style_1 default-icon\"><div class=\"porto-sicon-default\"><div class=\"porto-just-icon-wrapper porto-icon advanced\" style=\"color:#222529;background:transparent;border-style:solid;border-color:#e7e7e7;border-width:1px;width:38px;height:38px;line-height:38px;border-radius:20px;font-size:11.2px;\"><i class=\"fas fa-check\"><\/i><\/div><\/div><div class=\"porto-sicon-header\"><h5 class=\"porto-sicon-title\" style=\"letter-spacing:0;\">Der Behandlungsprozess beginnt<\/h5><\/div> <!-- header --><\/div><!-- porto-sicon-box --><\/div>[\/vc_column_inner][\/vc_row_inner][\/vc_column][\/vc_row][vc_row wrap_container=&#8221;yes&#8221; el_class=&#8221;pt-5 pb-4&#8243;][vc_column width=&#8221;1\/2&#8243;]<div class=\"porto-blockquote wpb_content_element \"><blockquote class=\" blockquote-reverse \"><p>\n<h3>Mission<\/h3>\n<p>Schnelle und professionelle L\u00f6sungen f\u00fcr alle Patientenorganisationen vor und nach der Behandlung zu schaffen<br \/>\nBereitstellung hochwertiger Gesundheitsdienste im Dienste der gesamten Menschheit.<br \/>\nVorreiter bei der Bevorzugung von Gesundheitseinrichtungen sein, die mit modernsten Ger\u00e4ten ausgestattet sind<br \/>\nUm w\u00e4hrend des gesamten Behandlungsprozesses angemessen auf die Bed\u00fcrfnisse der Patienten einzugehen<br \/>\nGew\u00e4hrleistung eines komfortablen Ablaufs im Einklang mit dem Patientenrechtsgesetz w\u00e4hrend des gesamten Behandlungsprozesses.<br \/>\nErgreifen von Vorsichtsma\u00dfnahmen bei Problemen, die bei Patienten auftreten k\u00f6nnen<br \/>\nPatienten dazu bringen, ihr Land nach der Behandlung sicher zu erreichen<\/p><\/blockquote><\/div>[\/vc_column][vc_column width=&#8221;1\/2&#8243;]<div class=\"porto-blockquote wpb_content_element \"><blockquote class=\"  \"><p>\n<h3>Vision<\/h3>\n<p>Die aktivste Tourismusagentur zu werden, um die Gesundheitstourismusziele der T\u00fcrkei f\u00fcr 2023 zu erreichen.<br \/>\nZu den wenigen Agenturen geh\u00f6ren, die die F\u00f6rderung des Gesundheitstourismus in der T\u00fcrkei im Internet durchf\u00fchren.<br \/>\nEin Referenzunternehmen im Bereich Gesundheitstourismus zu sein, indem die St\u00e4rke, die es von A+-Krankenh\u00e4usern erh\u00e4lt, mit t\u00fcrkischer Gastfreundschaft und ethischer Haltung kombiniert wird.<\/p><\/blockquote><\/div>[\/vc_column][\/vc_row]<\/p>\n","protected":false},"excerpt":{"rendered":"<p>[vc_row wrap_container=&#8221;yes&#8221; el_class=&#8221;pt-5 pb-4&#8243;][vc_column][vc_custom_heading text=&#8221;Die T\u00fcrkei ist das Land mit der h\u00f6chsten Anzahl von Krankenh\u00e4usern weltweit. Aufgrund der geringen Anzahl von Patienten pro Arzt in der T\u00fcrkei geh\u00f6rt sie zu den am meisten bevorzugten Behandlungsl\u00e4ndern. Dar\u00fcber hinaus wird dieser Satz jedes Jahr f\u00fcr die Entwicklung neuer Behandlungsmethoden im Bereich der Medizin und der hochwertigen Gesundheitsversorgung [&hellip;]<\/p>\n","protected":false},"author":1,"featured_media":0,"parent":0,"menu_order":0,"comment_status":"closed","ping_status":"closed","template":"","meta":{"footnotes":""},"class_list":["post-3792","page","type-page","status-publish","hentry"],"_links":{"self":[{"href":"https:\/\/yedisuhealth.com\/index.php?rest_route=\/wp\/v2\/pages\/3792","targetHints":{"allow":["GET"]}}],"collection":[{"href":"https:\/\/yedisuhealth.com\/index.php?rest_route=\/wp\/v2\/pages"}],"about":[{"href":"https:\/\/yedisuhealth.com\/index.php?rest_route=\/wp\/v2\/types\/page"}],"author":[{"embeddable":true,"href":"https:\/\/yedisuhealth.com\/index.php?rest_route=\/wp\/v2\/users\/1"}],"replies":[{"embeddable":true,"href":"https:\/\/yedisuhealth.com\/index.php?rest_route=%2Fwp%2Fv2%2Fcomments&post=3792"}],"version-history":[{"count":3,"href":"https:\/\/yedisuhealth.com\/index.php?rest_route=\/wp\/v2\/pages\/3792\/revisions"}],"predecessor-version":[{"id":3812,"href":"https:\/\/yedisuhealth.com\/index.php?rest_route=\/wp\/v2\/pages\/3792\/revisions\/3812"}],"wp:attachment":[{"href":"https:\/\/yedisuhealth.com\/index.php?rest_route=%2Fwp%2Fv2%2Fmedia&parent=3792"}],"curies":[{"name":"wp","href":"https:\/\/api.w.org\/{rel}","templated":true}]}}