{"id":3794,"date":"2021-12-14T10:38:27","date_gmt":"2021-12-14T07:38:27","guid":{"rendered":"https:\/\/yedisuhealth.com\/?page_id=3794"},"modified":"2021-12-14T15:29:52","modified_gmt":"2021-12-14T12:29:52","slug":"gruender","status":"publish","type":"page","link":"https:\/\/yedisuhealth.com\/?page_id=3794&lang=de","title":{"rendered":"Gr\u00fcnder"},"content":{"rendered":"<p>[vc_row][vc_column width=&#8221;1\/2&#8243;][vc_single_image image=&#8221;3743&#8243; img_size=&#8221;full&#8221;][\/vc_column][vc_column width=&#8221;1\/2&#8243;][vc_custom_heading text=&#8221;Mehmet CAN&#8221;][vc_column_text]Er wurde 1974 in Isparta geboren. Er ist das \u00e4lteste Kind einer Familie mit 2 Kindern, die als Arbeiter in Serik arbeiten. Nachdem er seine Ausbildung an der Serik Tekeli Primary School begonnen hatte, schloss er 1994 seine Sekundar- und Highschool-Ausbildung an der Serik Imam Hatip High School ab. 1999 graduierte er an der Fakult\u00e4t f\u00fcr Sprache, Geschichte und Geographie der Universit\u00e4t Ankara, Fakult\u00e4t f\u00fcr Literatur. Im selben Jahr arbeitete er 1 Jahr als Lehrer in Ankara Tumay Private Classrooms. Seit 2000 nimmt er an den von ihm gegr\u00fcndeten privaten Lehrinstituten, insbesondere im Stadtteil Serik von Antalya, sowohl Lehr- als auch Leitungsfunktionen wahr. Von 2010 bis 2013 arbeitete er als T\u00fcrkischlehrer an der S\u00fcleyman Demirel University.Im Jahr 2013 brachte er Private Yedisu Educational Institutions in sein Bildungsleben ein und ist bis heute einer der Gr\u00fcnder der Private Yedisu Educational Institutions. Er ist Mitglied der Aksu Young Businessmen&#8217;s Association, Vorsitzender des Serik Sports Aufsichtsrats, Gr\u00fcndungsmitglied der Akba\u015fl\u0131lar Association und Mitglied des Stadtrats von Aksu. Er ist verheiratet und hat 2 Kinder.[\/vc_column_text][\/vc_column][\/vc_row][vc_row][vc_column width=&#8221;1\/2&#8243;][vc_custom_heading text=&#8221;Suat K\u00d6KSAL&#8221;][vc_column_text]Er wurde 1965 in Ankara geboren. Er wurde als 8. Bruder von 9 Kindern eines Vaters geboren, dessen Mutter Hausfrau war und dessen Vater in der Maschinen- und Chemieindustrie arbeitete. Er absolvierte die Grundschule an der Mamak Primary School, die Secondary School an der G\u00fclveren Secondary School und das Gymnasium an der Ankara Construction Technical High School. 1989 schloss er sein Studium an der Fakult\u00e4t f\u00fcr Erziehungswissenschaften der Universit\u00e4t Ankara, Department of Psychological Services in Education, ab. Seine 1990 begonnene Lehr- und Managementkarriere setzte er bis 2010 fort. Im Jahr 2012 geh\u00f6rte er zu den Gr\u00fcndern des Private Anadolu Hospital MTAL und setzte seine Ausbildung im Bereich der Privatschule fort. Im Jahr 2013 brachte er Private Yedisu Educational Institutions in sein Bildungsleben ein und setzt seine Aufgabe als Gr\u00fcndungsvertreter der Private Yedisu Educational Institutions bis heute fort. Er ist Mitglied der Aksu Young Businessmen&#8217;s Association und Pr\u00e4sident der Sick Disabled Elderly Assistance Association (HeyDer).[\/vc_column_text][\/vc_column][vc_column width=&#8221;1\/2&#8243;][vc_single_image image=&#8221;3748&#8243; img_size=&#8221;full&#8221;][\/vc_column][\/vc_row]<\/p>\n","protected":false},"excerpt":{"rendered":"<p>[vc_row][vc_column width=&#8221;1\/2&#8243;][vc_single_image image=&#8221;3743&#8243; img_size=&#8221;full&#8221;][\/vc_column][vc_column width=&#8221;1\/2&#8243;][vc_custom_heading text=&#8221;Mehmet CAN&#8221;][vc_column_text]Er wurde 1974 in Isparta geboren. Er ist das \u00e4lteste Kind einer Familie mit 2 Kindern, die als Arbeiter in Serik arbeiten. Nachdem er seine Ausbildung an der Serik Tekeli Primary School begonnen hatte, schloss er 1994 seine Sekundar- und Highschool-Ausbildung an der Serik Imam Hatip High School ab. [&hellip;]<\/p>\n","protected":false},"author":1,"featured_media":0,"parent":0,"menu_order":0,"comment_status":"closed","ping_status":"closed","template":"","meta":{"footnotes":""},"class_list":["post-3794","page","type-page","status-publish","hentry"],"_links":{"self":[{"href":"https:\/\/yedisuhealth.com\/index.php?rest_route=\/wp\/v2\/pages\/3794","targetHints":{"allow":["GET"]}}],"collection":[{"href":"https:\/\/yedisuhealth.com\/index.php?rest_route=\/wp\/v2\/pages"}],"about":[{"href":"https:\/\/yedisuhealth.com\/index.php?rest_route=\/wp\/v2\/types\/page"}],"author":[{"embeddable":true,"href":"https:\/\/yedisuhealth.com\/index.php?rest_route=\/wp\/v2\/users\/1"}],"replies":[{"embeddable":true,"href":"https:\/\/yedisuhealth.com\/index.php?rest_route=%2Fwp%2Fv2%2Fcomments&post=3794"}],"version-history":[{"count":2,"href":"https:\/\/yedisuhealth.com\/index.php?rest_route=\/wp\/v2\/pages\/3794\/revisions"}],"predecessor-version":[{"id":3813,"href":"https:\/\/yedisuhealth.com\/index.php?rest_route=\/wp\/v2\/pages\/3794\/revisions\/3813"}],"wp:attachment":[{"href":"https:\/\/yedisuhealth.com\/index.php?rest_route=%2Fwp%2Fv2%2Fmedia&parent=3794"}],"curies":[{"name":"wp","href":"https:\/\/api.w.org\/{rel}","templated":true}]}}