{"id":3797,"date":"2021-12-14T10:40:41","date_gmt":"2021-12-14T07:40:41","guid":{"rendered":"https:\/\/yedisuhealth.com\/?page_id=3797"},"modified":"2021-12-14T15:35:03","modified_gmt":"2021-12-14T12:35:03","slug":"dienstleistungen","status":"publish","type":"page","link":"https:\/\/yedisuhealth.com\/?page_id=3797&lang=de","title":{"rendered":"Dienstleistungen"},"content":{"rendered":"<p>[vc_row][vc_column width=&#8221;1\/2&#8243;][vc_single_image image=&#8221;3724&#8243; img_size=&#8221;full&#8221; alignment=&#8221;center&#8221; style=&#8221;vc_box_shadow&#8221;]<div class=\"porto-u-heading  wpb_custom_95aa9a11c17ad45cfabaf210d84ee7cc\" data-hspacer=\"line_only\" data-halign=\"center\" style=\"text-align:center\"><div class=\"porto-u-main-heading\"><h2 data-plugin-animated-letters data-plugin-options=\"{&quot;startDelay&quot;:0,&quot;minWindowWidth&quot;:0,&quot;animationName&quot;:&quot;fadeIn&quot;}\" >\u00c4STHETISCHE ANWENDUNGEN <\/h2><\/div><div class=\"porto-u-heading-spacer line_only\" style=\"height:1px;\"><span class=\"porto-u-headings-line\" style=\"border-style:solid;border-bottom-width:1px;border-color:#ccc;width:auto;\"><\/span><\/div><\/div>[vc_column_text]<\/p>\n<ul>\n<li style=\"list-style-type: none;\"><\/li>\n<li>Haartransplantation<\/li>\n<li>K\u00f6rper\u00e4sthetik<\/li>\n<li>Fettabsaugung<\/li>\n<li>Botox-Anwendungen<\/li>\n<li>Nasen\u00e4sthetik<\/li>\n<li>Gesichts\u00e4sthetik<\/li>\n<li>Ohr\u00e4sthetik<\/li>\n<li>Brust\u00e4sthetik<\/li>\n<li>Prp-Anwendungen<\/li>\n<li>Gelital\u00e4sthetikanwendungen<\/li>\n<\/ul>\n<p>[\/vc_column_text][\/vc_column][vc_column width=&#8221;1\/2&#8243;][vc_single_image image=&#8221;3729&#8243; img_size=&#8221;full&#8221; alignment=&#8221;center&#8221; style=&#8221;vc_box_shadow&#8221;]<div class=\"porto-u-heading  wpb_custom_95aa9a11c17ad45cfabaf210d84ee7cc\" data-hspacer=\"line_only\" data-halign=\"center\" style=\"text-align:center\"><div class=\"porto-u-main-heading\"><h2 data-plugin-animated-letters data-plugin-options=\"{&quot;startDelay&quot;:0,&quot;minWindowWidth&quot;:0,&quot;animationName&quot;:&quot;fadeIn&quot;}\" >Klinische Dienste <\/h2><\/div><div class=\"porto-u-heading-spacer line_only\" style=\"height:1px;\"><span class=\"porto-u-headings-line\" style=\"border-style:solid;border-bottom-width:1px;border-color:#ccc;width:auto;\"><\/span><\/div><\/div>[vc_column_text]<\/p>\n<ul>\n<li style=\"list-style-type: none;\"><\/li>\n<li>Orthop\u00e4die<\/li>\n<li>Allgemeine Chirurgie<\/li>\n<li>Urologie<\/li>\n<li>Innere Medizin<\/li>\n<li>Neurochirurgie<\/li>\n<li>IVF-Behandlung<\/li>\n<li>Kardiologie<\/li>\n<li>Brusterkrankungen<\/li>\n<li>Adipositaschirurgie<\/li>\n<li>Augenkrankheiten<\/li>\n<li>Knochenmarktransplantation<\/li>\n<li>H\u00fchnerkrankheiten<\/li>\n<li>Onkologie<\/li>\n<\/ul>\n<p>[\/vc_column_text][\/vc_column][\/vc_row][vc_row][vc_column width=&#8221;1\/4&#8243;][\/vc_column][vc_column width=&#8221;1\/2&#8243;][vc_single_image image=&#8221;3731&#8243; img_size=&#8221;full&#8221; alignment=&#8221;center&#8221; style=&#8221;vc_box_shadow&#8221;]<div class=\"porto-u-heading  wpb_custom_95aa9a11c17ad45cfabaf210d84ee7cc\" data-hspacer=\"line_only\" data-halign=\"center\" style=\"text-align:center\"><div class=\"porto-u-main-heading\"><h2 data-plugin-animated-letters data-plugin-options=\"{&quot;startDelay&quot;:0,&quot;minWindowWidth&quot;:0,&quot;animationName&quot;:&quot;fadeIn&quot;}\" >Zahnbehandlungen <\/h2><\/div><div class=\"porto-u-heading-spacer line_only\" style=\"height:1px;\"><span class=\"porto-u-headings-line\" style=\"border-style:solid;border-bottom-width:1px;border-color:#ccc;width:auto;\"><\/span><\/div><\/div>[vc_column_text]<\/p>\n<ul>\n<li>Implantatanwendungen<\/li>\n<li>Allgemeine Zahnbehandlungen<\/li>\n<\/ul>\n<p>[\/vc_column_text][\/vc_column][vc_column width=&#8221;1\/4&#8243;][\/vc_column][\/vc_row]<\/p>\n","protected":false},"excerpt":{"rendered":"<p>[vc_row][vc_column width=&#8221;1\/2&#8243;][vc_single_image image=&#8221;3724&#8243; img_size=&#8221;full&#8221; alignment=&#8221;center&#8221; style=&#8221;vc_box_shadow&#8221;][vc_column_text] Haartransplantation K\u00f6rper\u00e4sthetik Fettabsaugung Botox-Anwendungen Nasen\u00e4sthetik Gesichts\u00e4sthetik Ohr\u00e4sthetik Brust\u00e4sthetik Prp-Anwendungen Gelital\u00e4sthetikanwendungen [\/vc_column_text][\/vc_column][vc_column width=&#8221;1\/2&#8243;][vc_single_image image=&#8221;3729&#8243; img_size=&#8221;full&#8221; alignment=&#8221;center&#8221; style=&#8221;vc_box_shadow&#8221;][vc_column_text] Orthop\u00e4die Allgemeine Chirurgie Urologie Innere Medizin Neurochirurgie IVF-Behandlung Kardiologie Brusterkrankungen Adipositaschirurgie Augenkrankheiten Knochenmarktransplantation H\u00fchnerkrankheiten Onkologie [\/vc_column_text][\/vc_column][\/vc_row][vc_row][vc_column width=&#8221;1\/4&#8243;][\/vc_column][vc_column width=&#8221;1\/2&#8243;][vc_single_image image=&#8221;3731&#8243; img_size=&#8221;full&#8221; alignment=&#8221;center&#8221; style=&#8221;vc_box_shadow&#8221;][vc_column_text] Implantatanwendungen Allgemeine Zahnbehandlungen [\/vc_column_text][\/vc_column][vc_column width=&#8221;1\/4&#8243;][\/vc_column][\/vc_row]<\/p>\n","protected":false},"author":1,"featured_media":0,"parent":0,"menu_order":0,"comment_status":"closed","ping_status":"closed","template":"","meta":{"footnotes":""},"class_list":["post-3797","page","type-page","status-publish","hentry"],"_links":{"self":[{"href":"https:\/\/yedisuhealth.com\/index.php?rest_route=\/wp\/v2\/pages\/3797","targetHints":{"allow":["GET"]}}],"collection":[{"href":"https:\/\/yedisuhealth.com\/index.php?rest_route=\/wp\/v2\/pages"}],"about":[{"href":"https:\/\/yedisuhealth.com\/index.php?rest_route=\/wp\/v2\/types\/page"}],"author":[{"embeddable":true,"href":"https:\/\/yedisuhealth.com\/index.php?rest_route=\/wp\/v2\/users\/1"}],"replies":[{"embeddable":true,"href":"https:\/\/yedisuhealth.com\/index.php?rest_route=%2Fwp%2Fv2%2Fcomments&post=3797"}],"version-history":[{"count":3,"href":"https:\/\/yedisuhealth.com\/index.php?rest_route=\/wp\/v2\/pages\/3797\/revisions"}],"predecessor-version":[{"id":3815,"href":"https:\/\/yedisuhealth.com\/index.php?rest_route=\/wp\/v2\/pages\/3797\/revisions\/3815"}],"wp:attachment":[{"href":"https:\/\/yedisuhealth.com\/index.php?rest_route=%2Fwp%2Fv2%2Fmedia&parent=3797"}],"curies":[{"name":"wp","href":"https:\/\/api.w.org\/{rel}","templated":true}]}}